{"id":22788,"date":"2024-07-03T13:50:48","date_gmt":"2024-07-03T11:50:48","guid":{"rendered":"https:\/\/fhi.acceptatie.indicia-interactiv.nl\/?page_id=22788"},"modified":"2025-04-15T14:04:30","modified_gmt":"2025-04-15T12:04:30","slug":"energystorage","status":"publish","type":"page","link":"https:\/\/fhi.acceptatie.indicia-interactiv.nl\/en\/energystorage\/","title":{"rendered":"Energy Storage"},"content":{"rendered":"<header id=\"header\" class=\"header header--high header--branch\">\n\n\t\n\t\n\t<div class=\"container\">\n\t\t<div class=\"header__content\">\n\t\t\t<div class=\"header__first\">\n\n\t\t\t\t\n\t\t\t\t\n\t\t\t\t\n\t\t\t\t<h1 class=\"header__title\" >\n\t\t\t\t\tEnergy Storage event\t\t\t\t<\/h1>\n\n\t\t\t\t<div class=\"header__dots-line\">\n\t\t\t\t\t<svg width=\"431\" height=\"9\" viewbox=\"0 0 431 9\" fill=\"none\" xmlns=\"http:\/\/www.w3.org\/2000\/svg\"><path d=\"M430.799 4.192a1.136 1.136 0 1 1-2.272-.001 1.136 1.136 0 0 1 2.272 0Zm-27.272 0a1.135 1.135 0 1 1-2.27 0 1.135 1.135 0 0 1 2.27 0Zm-27.27 0a1.136 1.136 0 1 1-2.272-.001 1.136 1.136 0 0 1 2.272 0Zm-27.272 0a1.39 1.39 0 1 1-2.78 0 1.39 1.39 0 0 1 2.78 0Zm-27.78 0a1.645 1.645 0 1 1-3.29 0 1.645 1.645 0 0 1 3.29 0Zm-28.29 0a1.9 1.9 0 1 1-3.799 0 1.9 1.9 0 0 1 3.799 0Zm-28.799 0a2.154 2.154 0 1 1-4.308 0 2.154 2.154 0 0 1 4.308 0Zm-29.308 0a2.41 2.41 0 1 1-4.819 0 2.41 2.41 0 0 1 4.819 0Zm-29.819 0a2.663 2.663 0 1 1-5.326.001 2.663 2.663 0 0 1 5.326-.001Zm-30.327 0a2.919 2.919 0 1 1-5.837 0 2.919 2.919 0 0 1 5.837 0Zm-30.837 0a3.173 3.173 0 1 1-6.345.001 3.173 3.173 0 0 1 6.345 0Zm-31.346 0a3.428 3.428 0 1 1-6.856 0 3.428 3.428 0 0 1 6.856 0Zm-31.856 0a3.683 3.683 0 1 1-7.365 0 3.683 3.683 0 0 1 7.365 0Zm-32.365 0a3.937 3.937 0 1 1-7.875 0 3.937 3.937 0 0 1 7.875 0Zm-32.874 0a4.192 4.192 0 1 1-8.384 0 4.192 4.192 0 0 1 8.384 0Z\" fill=\"#FFF960\"\/><\/svg>\t\t\t\t<\/div>\n\n\t\t\t\t\n\t\t\t\t\n\t\t\t<\/div>\n\n\t\t\t\t\t\t\t<div class=\"header__second\">\n\n\t\t\t\t\t\n\t\t\t\t\t\n\t\t\t\t\t\n\t\t\t\t\t\t\t\t\t\t\t<div class=\"header__branch-logos\">\n\t\t\t\t\t\t\t\t\t\t\t\t\t\t\t<img decoding=\"async\" src=\"https:\/\/fhi.acceptatie.indicia-interactiv.nl\/app\/uploads\/2024\/02\/Industriele-elektronica.svg\" class=\"header__branch-logo\" alt=\"\" \/>\t\t\t\t\t\t\t\t\t\t\t\t\t<\/div>\n\t\t\t\t\t\n\t\t\t\t\t\n\t\t\t\t\t\n\t\t\t\t<\/div>\n\t\t\t\n\t\t<\/div>\n\t<\/div>\n<\/header>\n\n\t<div class=\"header__meta\">\n\t<div class=\"container\">\n\t\t<div class=\"header__meta__category\">\n\n\t\t\t\t\t\t\t<div class=\"header__meta__detail\">\n\t\t\t\t\t<div>Branch<\/div>\n\t\t\t\t\t\t\t\t\t\t\t\t\t\t\t\t\t\t\t\t\t\t\t\t\t<a href=\"https:\/\/fhi.acceptatie.indicia-interactiv.nl\/en\/kennishub\/?_branches_kennishub=industriele-elektronica\" class=\"header__meta__detail--branch\">\n\t\t\t\t\t\t\t\tIndustrial Electronics\t\t\t\t\t\t\t<\/a>\n\t\t\t\t\t\t\t\t\t\t\t\t\t\t\t<\/div>\n\t\t\t\n\t\t\t\n\t\t<\/div>\n\t<\/div>\n<\/div>\n\n\n\n<div class=\"text bg--offwhite\">\n\t<div class=\"container\">\n\t\t\t\t\t<div class='heading-wrapper'><svg width=\"13\" height=\"13\" viewbox=\"0 0 13 13\" fill=\"none\" xmlns=\"http:\/\/www.w3.org\/2000\/svg\"><circle cx=\"6.394\" cy=\"6.5\" r=\"6.394\" fill=\"#000\"\/><\/svg><h2>Energy Storage event<\/h2><\/div>\t\t\t\t\t\t<div class=\"text__content text__content--1-col\">\n\t\t\t<p>Are you ready to expand your knowledge and network in the rapidly evolving world of power electronics and energy storage? Take the first step at Power Electronics &amp; Energy Storage.<\/p>\n<p>Discover the latest technologies and solutions shaping the future of power electronics and energy storage. From revolutionary battery technologies to advanced energy storage systems, you\u2019ll find it all in one place. Get inspired by presentations and hands-on workshops from leading industry experts. They\u2019ll not only share their insights and practical tips, but also provide concrete examples of innovations transforming the sector.<\/p>\n<p>This event offers a unique opportunity to network with fellow professionals, developers, suppliers and knowledge institutes. Exchange ideas, make valuable contacts and discover collaboration opportunities that can advance your career and company. Receive concrete tools and solutions that you can apply directly in your work. Our exhibitors and speakers present inspiring customer cases that offer you new insights and strategies. Whether you work in the development, application or supply of power electronics and energy storage, this event offers a wide range of knowledge and information that is relevant to your field.<\/p>\n<p>Don&#039;t miss this unique opportunity to prepare yourself for the future of the industry. Register today for the Power Electronics &amp; Energy Storage event and give your career and business an energetic boost!<\/p>\n\t\t<\/div>\n\t<\/div>\n<\/div>\n\n\r\n\t<div class=\"articles bg--light-blue automatic\">\r\n\t\t<div class=\"container\">\r\n\t\t\t<div class=\"articles__header\">\r\n\t\t\t\t\t\t\t\t\t<div class='heading-wrapper'><svg width=\"13\" height=\"13\" viewbox=\"0 0 13 13\" fill=\"none\" xmlns=\"http:\/\/www.w3.org\/2000\/svg\"><circle cx=\"6.394\" cy=\"6.5\" r=\"6.394\" fill=\"#000\"\/><\/svg><h2>News<\/h2><\/div>\t\t\t\t\t\t\t\t\t\t\t<\/div>\r\n\t\t\t\t\t\t<\/div>\r\n\t\t<\/div>\r\n\t<\/div>","protected":false},"excerpt":{"rendered":"","protected":false},"author":17,"featured_media":20234,"parent":0,"menu_order":0,"comment_status":"closed","ping_status":"closed","template":"","meta":{"_acf_changed":false,"footnotes":""},"branches":[13],"events":[359],"secretariat":[],"categories":[],"themes_tax":[],"class_list":["post-22788","page","type-page","status-publish","has-post-thumbnail","hentry"],"acf":[],"yoast_head":"<!-- This site is optimized with the Yoast SEO plugin v26.8 - https:\/\/yoast.com\/product\/yoast-seo-wordpress\/ -->\n<title>Energy Storage - FHI, federatie van technologiebranches<\/title>\n<meta name=\"description\" content=\"Ben je klaar om jouw kennis en netwerk uit te breiden in de snel evoluerende wereld van vermogenselektronica en energieopslag? Zet de eerste stap op Power Electronics &amp; Energy Storage. Ontdek de allernieuwste technologie\u00ebn en oplossingen die de toekomst van vermogenselektronica en energieopslag vormgeven. Van revolutionaire batterijtechnologie\u00ebn tot geavanceerde energieopslagsystemen, je vindt het allemaal op \u00e9\u00e9n plek.\" \/>\n<meta name=\"robots\" content=\"noindex, follow, max-snippet:-1, max-image-preview:large, max-video-preview:-1\" \/>\n<meta property=\"og:locale\" content=\"en_GB\" \/>\n<meta property=\"og:type\" content=\"article\" \/>\n<meta property=\"og:title\" content=\"Energy Storage - FHI, federatie van technologiebranches\" \/>\n<meta property=\"og:description\" content=\"Ben je klaar om jouw kennis en netwerk uit te breiden in de snel evoluerende wereld van vermogenselektronica en energieopslag? Zet de eerste stap op Power Electronics &amp; Energy Storage. Ontdek de allernieuwste technologie\u00ebn en oplossingen die de toekomst van vermogenselektronica en energieopslag vormgeven. Van revolutionaire batterijtechnologie\u00ebn tot geavanceerde energieopslagsystemen, je vindt het allemaal op \u00e9\u00e9n plek.\" \/>\n<meta property=\"og:url\" content=\"https:\/\/fhi.acceptatie.indicia-interactiv.nl\/en\/energystorage\/\" \/>\n<meta property=\"og:site_name\" content=\"FHI, federatie van technologiebranches\" \/>\n<meta property=\"article:modified_time\" content=\"2025-04-15T12:04:30+00:00\" \/>\n<meta name=\"twitter:card\" content=\"summary_large_image\" \/>\n<script type=\"application\/ld+json\" class=\"yoast-schema-graph\">{\"@context\":\"https:\/\/schema.org\",\"@graph\":[{\"@type\":\"WebPage\",\"@id\":\"https:\/\/fhi.acceptatie.indicia-interactiv.nl\/energystorage\/\",\"url\":\"https:\/\/fhi.acceptatie.indicia-interactiv.nl\/energystorage\/\",\"name\":\"Energy Storage - FHI, federatie van technologiebranches\",\"isPartOf\":{\"@id\":\"https:\/\/fhi.acceptatie.indicia-interactiv.nl\/en\/#website\"},\"primaryImageOfPage\":{\"@id\":\"https:\/\/fhi.acceptatie.indicia-interactiv.nl\/energystorage\/#primaryimage\"},\"image\":{\"@id\":\"https:\/\/fhi.acceptatie.indicia-interactiv.nl\/energystorage\/#primaryimage\"},\"thumbnailUrl\":\"https:\/\/fhi.acceptatie.indicia-interactiv.nl\/app\/uploads\/2024\/06\/Energie-in-Industrie-Slider-3.png\",\"datePublished\":\"2024-07-03T11:50:48+00:00\",\"dateModified\":\"2025-04-15T12:04:30+00:00\",\"description\":\"Ben je klaar om jouw kennis en netwerk uit te breiden in de snel evoluerende wereld van vermogenselektronica en energieopslag? Zet de eerste stap op Power Electronics & Energy Storage. Ontdek de allernieuwste technologie\u00ebn en oplossingen die de toekomst van vermogenselektronica en energieopslag vormgeven. Van revolutionaire batterijtechnologie\u00ebn tot geavanceerde energieopslagsystemen, je vindt het allemaal op \u00e9\u00e9n plek.\",\"breadcrumb\":{\"@id\":\"https:\/\/fhi.acceptatie.indicia-interactiv.nl\/energystorage\/#breadcrumb\"},\"inLanguage\":\"en-GB\",\"potentialAction\":[{\"@type\":\"ReadAction\",\"target\":[\"https:\/\/fhi.acceptatie.indicia-interactiv.nl\/energystorage\/\"]}]},{\"@type\":\"ImageObject\",\"inLanguage\":\"en-GB\",\"@id\":\"https:\/\/fhi.acceptatie.indicia-interactiv.nl\/energystorage\/#primaryimage\",\"url\":\"https:\/\/fhi.acceptatie.indicia-interactiv.nl\/app\/uploads\/2024\/06\/Energie-in-Industrie-Slider-3.png\",\"contentUrl\":\"https:\/\/fhi.acceptatie.indicia-interactiv.nl\/app\/uploads\/2024\/06\/Energie-in-Industrie-Slider-3.png\",\"width\":1240,\"height\":620},{\"@type\":\"BreadcrumbList\",\"@id\":\"https:\/\/fhi.acceptatie.indicia-interactiv.nl\/energystorage\/#breadcrumb\",\"itemListElement\":[{\"@type\":\"ListItem\",\"position\":1,\"name\":\"Home\",\"item\":\"https:\/\/fhi.acceptatie.indicia-interactiv.nl\/\"},{\"@type\":\"ListItem\",\"position\":2,\"name\":\"Energy Storage\"}]},{\"@type\":\"WebSite\",\"@id\":\"https:\/\/fhi.acceptatie.indicia-interactiv.nl\/en\/#website\",\"url\":\"https:\/\/fhi.acceptatie.indicia-interactiv.nl\/en\/\",\"name\":\"FHI, federatie van technologiebranches\",\"description\":\"Nederlandse branchevereniging voor technologiebranches\",\"potentialAction\":[{\"@type\":\"SearchAction\",\"target\":{\"@type\":\"EntryPoint\",\"urlTemplate\":\"https:\/\/fhi.acceptatie.indicia-interactiv.nl\/en\/?s={search_term_string}\"},\"query-input\":{\"@type\":\"PropertyValueSpecification\",\"valueRequired\":true,\"valueName\":\"search_term_string\"}}],\"inLanguage\":\"en-GB\"}]}<\/script>\n<!-- \/ Yoast SEO plugin. -->","yoast_head_json":{"title":"Energy Storage - FHI, federatie van technologiebranches","description":"Ben je klaar om jouw kennis en netwerk uit te breiden in de snel evoluerende wereld van vermogenselektronica en energieopslag? Zet de eerste stap op Power Electronics & Energy Storage. Ontdek de allernieuwste technologie\u00ebn en oplossingen die de toekomst van vermogenselektronica en energieopslag vormgeven. Van revolutionaire batterijtechnologie\u00ebn tot geavanceerde energieopslagsystemen, je vindt het allemaal op \u00e9\u00e9n plek.","robots":{"index":"noindex","follow":"follow","max-snippet":"max-snippet:-1","max-image-preview":"max-image-preview:large","max-video-preview":"max-video-preview:-1"},"og_locale":"en_GB","og_type":"article","og_title":"Energy Storage - FHI, federatie van technologiebranches","og_description":"Ben je klaar om jouw kennis en netwerk uit te breiden in de snel evoluerende wereld van vermogenselektronica en energieopslag? Zet de eerste stap op Power Electronics & Energy Storage. Ontdek de allernieuwste technologie\u00ebn en oplossingen die de toekomst van vermogenselektronica en energieopslag vormgeven. Van revolutionaire batterijtechnologie\u00ebn tot geavanceerde energieopslagsystemen, je vindt het allemaal op \u00e9\u00e9n plek.","og_url":"https:\/\/fhi.acceptatie.indicia-interactiv.nl\/en\/energystorage\/","og_site_name":"FHI, federatie van technologiebranches","article_modified_time":"2025-04-15T12:04:30+00:00","twitter_card":"summary_large_image","schema":{"@context":"https:\/\/schema.org","@graph":[{"@type":"WebPage","@id":"https:\/\/fhi.acceptatie.indicia-interactiv.nl\/energystorage\/","url":"https:\/\/fhi.acceptatie.indicia-interactiv.nl\/energystorage\/","name":"Energy Storage - FHI, federatie van technologiebranches","isPartOf":{"@id":"https:\/\/fhi.acceptatie.indicia-interactiv.nl\/en\/#website"},"primaryImageOfPage":{"@id":"https:\/\/fhi.acceptatie.indicia-interactiv.nl\/energystorage\/#primaryimage"},"image":{"@id":"https:\/\/fhi.acceptatie.indicia-interactiv.nl\/energystorage\/#primaryimage"},"thumbnailUrl":"https:\/\/fhi.acceptatie.indicia-interactiv.nl\/app\/uploads\/2024\/06\/Energie-in-Industrie-Slider-3.png","datePublished":"2024-07-03T11:50:48+00:00","dateModified":"2025-04-15T12:04:30+00:00","description":"Ben je klaar om jouw kennis en netwerk uit te breiden in de snel evoluerende wereld van vermogenselektronica en energieopslag? Zet de eerste stap op Power Electronics & Energy Storage. Ontdek de allernieuwste technologie\u00ebn en oplossingen die de toekomst van vermogenselektronica en energieopslag vormgeven. Van revolutionaire batterijtechnologie\u00ebn tot geavanceerde energieopslagsystemen, je vindt het allemaal op \u00e9\u00e9n plek.","breadcrumb":{"@id":"https:\/\/fhi.acceptatie.indicia-interactiv.nl\/energystorage\/#breadcrumb"},"inLanguage":"en-GB","potentialAction":[{"@type":"ReadAction","target":["https:\/\/fhi.acceptatie.indicia-interactiv.nl\/energystorage\/"]}]},{"@type":"ImageObject","inLanguage":"en-GB","@id":"https:\/\/fhi.acceptatie.indicia-interactiv.nl\/energystorage\/#primaryimage","url":"https:\/\/fhi.acceptatie.indicia-interactiv.nl\/app\/uploads\/2024\/06\/Energie-in-Industrie-Slider-3.png","contentUrl":"https:\/\/fhi.acceptatie.indicia-interactiv.nl\/app\/uploads\/2024\/06\/Energie-in-Industrie-Slider-3.png","width":1240,"height":620},{"@type":"BreadcrumbList","@id":"https:\/\/fhi.acceptatie.indicia-interactiv.nl\/energystorage\/#breadcrumb","itemListElement":[{"@type":"ListItem","position":1,"name":"Home","item":"https:\/\/fhi.acceptatie.indicia-interactiv.nl\/"},{"@type":"ListItem","position":2,"name":"Energy Storage"}]},{"@type":"WebSite","@id":"https:\/\/fhi.acceptatie.indicia-interactiv.nl\/en\/#website","url":"https:\/\/fhi.acceptatie.indicia-interactiv.nl\/en\/","name":"FHI, federation of technology industries","description":"Dutch trade association for technology industries","potentialAction":[{"@type":"SearchAction","target":{"@type":"EntryPoint","urlTemplate":"https:\/\/fhi.acceptatie.indicia-interactiv.nl\/en\/?s={search_term_string}"},"query-input":{"@type":"PropertyValueSpecification","valueRequired":true,"valueName":"search_term_string"}}],"inLanguage":"en-GB"}]}},"_links":{"self":[{"href":"https:\/\/fhi.acceptatie.indicia-interactiv.nl\/en\/wp-json\/wp\/v2\/pages\/22788","targetHints":{"allow":["GET"]}}],"collection":[{"href":"https:\/\/fhi.acceptatie.indicia-interactiv.nl\/en\/wp-json\/wp\/v2\/pages"}],"about":[{"href":"https:\/\/fhi.acceptatie.indicia-interactiv.nl\/en\/wp-json\/wp\/v2\/types\/page"}],"author":[{"embeddable":true,"href":"https:\/\/fhi.acceptatie.indicia-interactiv.nl\/en\/wp-json\/wp\/v2\/users\/17"}],"replies":[{"embeddable":true,"href":"https:\/\/fhi.acceptatie.indicia-interactiv.nl\/en\/wp-json\/wp\/v2\/comments?post=22788"}],"version-history":[{"count":2,"href":"https:\/\/fhi.acceptatie.indicia-interactiv.nl\/en\/wp-json\/wp\/v2\/pages\/22788\/revisions"}],"predecessor-version":[{"id":22793,"href":"https:\/\/fhi.acceptatie.indicia-interactiv.nl\/en\/wp-json\/wp\/v2\/pages\/22788\/revisions\/22793"}],"wp:featuredmedia":[{"embeddable":true,"href":"https:\/\/fhi.acceptatie.indicia-interactiv.nl\/en\/wp-json\/wp\/v2\/media\/20234"}],"wp:attachment":[{"href":"https:\/\/fhi.acceptatie.indicia-interactiv.nl\/en\/wp-json\/wp\/v2\/media?parent=22788"}],"wp:term":[{"taxonomy":"branches","embeddable":true,"href":"https:\/\/fhi.acceptatie.indicia-interactiv.nl\/en\/wp-json\/wp\/v2\/branches?post=22788"},{"taxonomy":"events","embeddable":true,"href":"https:\/\/fhi.acceptatie.indicia-interactiv.nl\/en\/wp-json\/wp\/v2\/events?post=22788"},{"taxonomy":"secretariat","embeddable":true,"href":"https:\/\/fhi.acceptatie.indicia-interactiv.nl\/en\/wp-json\/wp\/v2\/secretariat?post=22788"},{"taxonomy":"categories","embeddable":true,"href":"https:\/\/fhi.acceptatie.indicia-interactiv.nl\/en\/wp-json\/wp\/v2\/categories?post=22788"},{"taxonomy":"themes","embeddable":true,"href":"https:\/\/fhi.acceptatie.indicia-interactiv.nl\/en\/wp-json\/wp\/v2\/themes_tax?post=22788"}],"curies":[{"name":"wp","href":"https:\/\/api.w.org\/{rel}","templated":true}]}}