{"id":24730,"date":"2024-07-08T22:45:23","date_gmt":"2024-07-08T20:45:23","guid":{"rendered":"https:\/\/fhi.acceptatie.indicia-interactiv.nl\/?page_id=24730"},"modified":"2024-07-08T22:45:56","modified_gmt":"2024-07-08T20:45:56","slug":"supply-chain-tech-exposanten","status":"publish","type":"page","link":"https:\/\/fhi.acceptatie.indicia-interactiv.nl\/en\/supply-chain-tech-exposanten\/","title":{"rendered":"Supply chain Tech \u2013 exhibitors"},"content":{"rendered":"<header id=\"header\" class=\"header header--low header--branch\">\n\n\t\n\t\t\t<div class=\"header__background header__background--graphic\"><\/div>\n\t\n\t<div class=\"container\">\n\t\t<div class=\"header__content\">\n\t\t\t<div class=\"header__first\">\n\n\t\t\t\t\n\t\t\t\t\n\t\t\t\t\t\t\t\t\t<h6 class=\"header__subtitle\">All information for exhibitors<\/h6>\n\t\t\t\t\n\t\t\t\t<h1 class=\"header__title\" >\n\t\t\t\t\tSupply Chain Tech\t\t\t\t<\/h1>\n\n\t\t\t\t<div class=\"header__dots-line\">\n\t\t\t\t\t<svg width=\"431\" height=\"9\" viewbox=\"0 0 431 9\" fill=\"none\" xmlns=\"http:\/\/www.w3.org\/2000\/svg\"><path d=\"M430.799 4.192a1.136 1.136 0 1 1-2.272-.001 1.136 1.136 0 0 1 2.272 0Zm-27.272 0a1.135 1.135 0 1 1-2.27 0 1.135 1.135 0 0 1 2.27 0Zm-27.27 0a1.136 1.136 0 1 1-2.272-.001 1.136 1.136 0 0 1 2.272 0Zm-27.272 0a1.39 1.39 0 1 1-2.78 0 1.39 1.39 0 0 1 2.78 0Zm-27.78 0a1.645 1.645 0 1 1-3.29 0 1.645 1.645 0 0 1 3.29 0Zm-28.29 0a1.9 1.9 0 1 1-3.799 0 1.9 1.9 0 0 1 3.799 0Zm-28.799 0a2.154 2.154 0 1 1-4.308 0 2.154 2.154 0 0 1 4.308 0Zm-29.308 0a2.41 2.41 0 1 1-4.819 0 2.41 2.41 0 0 1 4.819 0Zm-29.819 0a2.663 2.663 0 1 1-5.326.001 2.663 2.663 0 0 1 5.326-.001Zm-30.327 0a2.919 2.919 0 1 1-5.837 0 2.919 2.919 0 0 1 5.837 0Zm-30.837 0a3.173 3.173 0 1 1-6.345.001 3.173 3.173 0 0 1 6.345 0Zm-31.346 0a3.428 3.428 0 1 1-6.856 0 3.428 3.428 0 0 1 6.856 0Zm-31.856 0a3.683 3.683 0 1 1-7.365 0 3.683 3.683 0 0 1 7.365 0Zm-32.365 0a3.937 3.937 0 1 1-7.875 0 3.937 3.937 0 0 1 7.875 0Zm-32.874 0a4.192 4.192 0 1 1-8.384 0 4.192 4.192 0 0 1 8.384 0Z\" fill=\"#FFF960\"\/><\/svg>\t\t\t\t<\/div>\n\n\t\t\t\t\n\t\t\t\t\n\t\t\t<\/div>\n\n\t\t\t\t\t\t\t<div class=\"header__second\">\n\n\t\t\t\t\t\n\t\t\t\t\t\n\t\t\t\t\t\n\t\t\t\t\t\t\t\t\t\t\t<div class=\"header__branch-logos\">\n\t\t\t\t\t\t\t\t\t\t\t\t\t\t\t<img decoding=\"async\" src=\"https:\/\/fhi.acceptatie.indicia-interactiv.nl\/app\/uploads\/2024\/02\/Industriele-automatisering.svg\" class=\"header__branch-logo\" alt=\"\" \/>\t\t\t\t\t\t\t\t\t\t\t\t\t<\/div>\n\t\t\t\t\t\n\t\t\t\t\t\n\t\t\t\t\t\n\t\t\t\t<\/div>\n\t\t\t\n\t\t<\/div>\n\t<\/div>\n<\/header>\n\n\t<div class=\"header__meta\">\n\t<div class=\"container\">\n\t\t<div class=\"header__meta__category\">\n\n\t\t\t\t\t\t\t<div class=\"header__meta__detail\">\n\t\t\t\t\t<div>Branch<\/div>\n\t\t\t\t\t\t\t\t\t\t\t\t\t\t\t\t\t\t\t\t\t\t\t\t\t<a href=\"https:\/\/fhi.acceptatie.indicia-interactiv.nl\/en\/kennishub\/?_branches_kennishub=industriele-automatisering\" class=\"header__meta__detail--branch\">\n\t\t\t\t\t\t\t\tIndustrial automation\t\t\t\t\t\t\t<\/a>\n\t\t\t\t\t\t\t\t\t\t\t\t\t\t\t<\/div>\n\t\t\t\n\t\t\t\n\t\t<\/div>\n\t<\/div>\n<\/div>\n\n\n\n<div class=\"text bg--offwhite\">\n\t<div class=\"container\">\n\t\t\t\t\t<div class='heading-wrapper'><svg width=\"13\" height=\"13\" viewbox=\"0 0 13 13\" fill=\"none\" xmlns=\"http:\/\/www.w3.org\/2000\/svg\"><circle cx=\"6.394\" cy=\"6.5\" r=\"6.394\" fill=\"#000\"\/><\/svg><h2>Supply Chain Technology<\/h2><\/div>\t\t\t\t\t\t<div class=\"text__content text__content--1-col\">\n\t\t\t<p>Explore the boundaries of integrated logistics and production processes at Supply Chain Technology: the meeting place for progressive professionals in the field of digital technologies.<\/p>\n<p>At a time when digital innovation is key to efficiency and competitive advantage, Supply Chain Tech offers a unique platform to explore the possibilities of advanced data analytics, artificial intelligence and smart sensors. These emerging technologies are not only transforming the way we manage our supply chains, but also offering new opportunities for integration with production processes.<\/p>\n<p>Supply Chain Tech brings together a diverse group of professionals, from supply chain managers to IT and OT experts, to discover how this technological revolution can strengthen collaboration between different departments. With inspiring keynotes, interactive workshops and practical tips, the event offers insights into the latest developments in supply chain technology.<\/p>\n<p>Discover the latest solutions and products at our exhibition, where leading vendors showcase their innovative technologies designed to simplify IT and OT integration and improve overall operational efficiency.<\/p>\n<p>We look forward to welcoming you to Supply Chain Technology!<\/p>\n\t\t<\/div>\n\t<\/div>\n<\/div>\n\n\r\n\t<div class=\"articles bg--dark-blue automatic\">\r\n\t\t<div class=\"container\">\r\n\t\t\t<div class=\"articles__header\">\r\n\t\t\t\t\t\t\t\t\t<div class='heading-wrapper'><svg width=\"13\" height=\"13\" viewbox=\"0 0 13 13\" fill=\"none\" xmlns=\"http:\/\/www.w3.org\/2000\/svg\"><circle cx=\"6.394\" cy=\"6.5\" r=\"6.394\" fill=\"#000\"\/><\/svg><h2>News<\/h2><\/div>\t\t\t\t\t\t\t\t\t\t\t<\/div>\r\n\t\t\t\t\t\t<\/div>\r\n\t\t<\/div>\r\n\t<\/div>","protected":false},"excerpt":{"rendered":"","protected":false},"author":17,"featured_media":0,"parent":0,"menu_order":0,"comment_status":"closed","ping_status":"closed","template":"","meta":{"_acf_changed":false,"footnotes":""},"branches":[12],"events":[379],"secretariat":[],"categories":[],"themes_tax":[],"class_list":["post-24730","page","type-page","status-publish","hentry"],"acf":[],"yoast_head":"<!-- This site is optimized with the Yoast SEO plugin v26.8 - https:\/\/yoast.com\/product\/yoast-seo-wordpress\/ -->\n<title>Supply chain Tech - exposanten - FHI, federatie van technologiebranches<\/title>\n<meta name=\"description\" content=\"Verken de grenzen van ge\u00efntegreerde logistiek en productieprocessen bij Supply Chain Technology: d\u00e9 ontmoetingsplek voor vooruitstrevende professionals op het gebied van digitale technologie\u00ebn.In een tijd waarin digitale innovatie de sleutel is tot effici\u00ebntie en concurrentievoordeel, biedt Supply Chain Tech een uniek platform om de mogelijkheden van geavanceerde data analytics, kunstmatige intelligentie en slimme sensoren te verkennen. Deze opkomende technologie\u00ebn transformeren niet alleen de manier waarop we onze logistieke ketens beheren, maar bieden ook nieuwe kansen voor integratie met productieprocessen.\" \/>\n<meta name=\"robots\" content=\"noindex, follow, max-snippet:-1, max-image-preview:large, max-video-preview:-1\" \/>\n<meta property=\"og:locale\" content=\"en_GB\" \/>\n<meta property=\"og:type\" content=\"article\" \/>\n<meta property=\"og:title\" content=\"Supply chain Tech - exposanten - FHI, federatie van technologiebranches\" \/>\n<meta property=\"og:description\" content=\"Verken de grenzen van ge\u00efntegreerde logistiek en productieprocessen bij Supply Chain Technology: d\u00e9 ontmoetingsplek voor vooruitstrevende professionals op het gebied van digitale technologie\u00ebn.In een tijd waarin digitale innovatie de sleutel is tot effici\u00ebntie en concurrentievoordeel, biedt Supply Chain Tech een uniek platform om de mogelijkheden van geavanceerde data analytics, kunstmatige intelligentie en slimme sensoren te verkennen. Deze opkomende technologie\u00ebn transformeren niet alleen de manier waarop we onze logistieke ketens beheren, maar bieden ook nieuwe kansen voor integratie met productieprocessen.\" \/>\n<meta property=\"og:url\" content=\"https:\/\/fhi.acceptatie.indicia-interactiv.nl\/en\/supply-chain-tech-exposanten\/\" \/>\n<meta property=\"og:site_name\" content=\"FHI, federatie van technologiebranches\" \/>\n<meta property=\"article:modified_time\" content=\"2024-07-08T20:45:56+00:00\" \/>\n<meta name=\"twitter:card\" content=\"summary_large_image\" \/>\n<script type=\"application\/ld+json\" class=\"yoast-schema-graph\">{\"@context\":\"https:\/\/schema.org\",\"@graph\":[{\"@type\":\"WebPage\",\"@id\":\"https:\/\/fhi.acceptatie.indicia-interactiv.nl\/supply-chain-tech-exposanten\/\",\"url\":\"https:\/\/fhi.acceptatie.indicia-interactiv.nl\/supply-chain-tech-exposanten\/\",\"name\":\"Supply chain Tech - exposanten - FHI, federatie van technologiebranches\",\"isPartOf\":{\"@id\":\"https:\/\/fhi.acceptatie.indicia-interactiv.nl\/#website\"},\"datePublished\":\"2024-07-08T20:45:23+00:00\",\"dateModified\":\"2024-07-08T20:45:56+00:00\",\"description\":\"Verken de grenzen van ge\u00efntegreerde logistiek en productieprocessen bij Supply Chain Technology: d\u00e9 ontmoetingsplek voor vooruitstrevende professionals op het gebied van digitale technologie\u00ebn.In een tijd waarin digitale innovatie de sleutel is tot effici\u00ebntie en concurrentievoordeel, biedt Supply Chain Tech een uniek platform om de mogelijkheden van geavanceerde data analytics, kunstmatige intelligentie en slimme sensoren te verkennen. Deze opkomende technologie\u00ebn transformeren niet alleen de manier waarop we onze logistieke ketens beheren, maar bieden ook nieuwe kansen voor integratie met productieprocessen.\",\"breadcrumb\":{\"@id\":\"https:\/\/fhi.acceptatie.indicia-interactiv.nl\/supply-chain-tech-exposanten\/#breadcrumb\"},\"inLanguage\":\"en-GB\",\"potentialAction\":[{\"@type\":\"ReadAction\",\"target\":[\"https:\/\/fhi.acceptatie.indicia-interactiv.nl\/supply-chain-tech-exposanten\/\"]}]},{\"@type\":\"BreadcrumbList\",\"@id\":\"https:\/\/fhi.acceptatie.indicia-interactiv.nl\/supply-chain-tech-exposanten\/#breadcrumb\",\"itemListElement\":[{\"@type\":\"ListItem\",\"position\":1,\"name\":\"Home\",\"item\":\"https:\/\/fhi.acceptatie.indicia-interactiv.nl\/\"},{\"@type\":\"ListItem\",\"position\":2,\"name\":\"Supply chain Tech &#8211; exposanten\"}]},{\"@type\":\"WebSite\",\"@id\":\"https:\/\/fhi.acceptatie.indicia-interactiv.nl\/#website\",\"url\":\"https:\/\/fhi.acceptatie.indicia-interactiv.nl\/\",\"name\":\"FHI, federatie van technologiebranches\",\"description\":\"Nederlandse branchevereniging voor technologiebranches\",\"potentialAction\":[{\"@type\":\"SearchAction\",\"target\":{\"@type\":\"EntryPoint\",\"urlTemplate\":\"https:\/\/fhi.acceptatie.indicia-interactiv.nl\/?s={search_term_string}\"},\"query-input\":{\"@type\":\"PropertyValueSpecification\",\"valueRequired\":true,\"valueName\":\"search_term_string\"}}],\"inLanguage\":\"en-GB\"}]}<\/script>\n<!-- \/ Yoast SEO plugin. -->","yoast_head_json":{"title":"Supply chain Tech - exposanten - FHI, federatie van technologiebranches","description":"Verken de grenzen van ge\u00efntegreerde logistiek en productieprocessen bij Supply Chain Technology: d\u00e9 ontmoetingsplek voor vooruitstrevende professionals op het gebied van digitale technologie\u00ebn.In een tijd waarin digitale innovatie de sleutel is tot effici\u00ebntie en concurrentievoordeel, biedt Supply Chain Tech een uniek platform om de mogelijkheden van geavanceerde data analytics, kunstmatige intelligentie en slimme sensoren te verkennen. Deze opkomende technologie\u00ebn transformeren niet alleen de manier waarop we onze logistieke ketens beheren, maar bieden ook nieuwe kansen voor integratie met productieprocessen.","robots":{"index":"noindex","follow":"follow","max-snippet":"max-snippet:-1","max-image-preview":"max-image-preview:large","max-video-preview":"max-video-preview:-1"},"og_locale":"en_GB","og_type":"article","og_title":"Supply chain Tech - exposanten - FHI, federatie van technologiebranches","og_description":"Verken de grenzen van ge\u00efntegreerde logistiek en productieprocessen bij Supply Chain Technology: d\u00e9 ontmoetingsplek voor vooruitstrevende professionals op het gebied van digitale technologie\u00ebn.In een tijd waarin digitale innovatie de sleutel is tot effici\u00ebntie en concurrentievoordeel, biedt Supply Chain Tech een uniek platform om de mogelijkheden van geavanceerde data analytics, kunstmatige intelligentie en slimme sensoren te verkennen. Deze opkomende technologie\u00ebn transformeren niet alleen de manier waarop we onze logistieke ketens beheren, maar bieden ook nieuwe kansen voor integratie met productieprocessen.","og_url":"https:\/\/fhi.acceptatie.indicia-interactiv.nl\/en\/supply-chain-tech-exposanten\/","og_site_name":"FHI, federatie van technologiebranches","article_modified_time":"2024-07-08T20:45:56+00:00","twitter_card":"summary_large_image","schema":{"@context":"https:\/\/schema.org","@graph":[{"@type":"WebPage","@id":"https:\/\/fhi.acceptatie.indicia-interactiv.nl\/supply-chain-tech-exposanten\/","url":"https:\/\/fhi.acceptatie.indicia-interactiv.nl\/supply-chain-tech-exposanten\/","name":"Supply chain Tech - exposanten - FHI, federatie van technologiebranches","isPartOf":{"@id":"https:\/\/fhi.acceptatie.indicia-interactiv.nl\/#website"},"datePublished":"2024-07-08T20:45:23+00:00","dateModified":"2024-07-08T20:45:56+00:00","description":"Verken de grenzen van ge\u00efntegreerde logistiek en productieprocessen bij Supply Chain Technology: d\u00e9 ontmoetingsplek voor vooruitstrevende professionals op het gebied van digitale technologie\u00ebn.In een tijd waarin digitale innovatie de sleutel is tot effici\u00ebntie en concurrentievoordeel, biedt Supply Chain Tech een uniek platform om de mogelijkheden van geavanceerde data analytics, kunstmatige intelligentie en slimme sensoren te verkennen. Deze opkomende technologie\u00ebn transformeren niet alleen de manier waarop we onze logistieke ketens beheren, maar bieden ook nieuwe kansen voor integratie met productieprocessen.","breadcrumb":{"@id":"https:\/\/fhi.acceptatie.indicia-interactiv.nl\/supply-chain-tech-exposanten\/#breadcrumb"},"inLanguage":"en-GB","potentialAction":[{"@type":"ReadAction","target":["https:\/\/fhi.acceptatie.indicia-interactiv.nl\/supply-chain-tech-exposanten\/"]}]},{"@type":"BreadcrumbList","@id":"https:\/\/fhi.acceptatie.indicia-interactiv.nl\/supply-chain-tech-exposanten\/#breadcrumb","itemListElement":[{"@type":"ListItem","position":1,"name":"Home","item":"https:\/\/fhi.acceptatie.indicia-interactiv.nl\/"},{"@type":"ListItem","position":2,"name":"Supply chain Tech &#8211; exposanten"}]},{"@type":"WebSite","@id":"https:\/\/fhi.acceptatie.indicia-interactiv.nl\/#website","url":"https:\/\/fhi.acceptatie.indicia-interactiv.nl\/","name":"FHI, federation of technology industries","description":"Dutch trade association for technology industries","potentialAction":[{"@type":"SearchAction","target":{"@type":"EntryPoint","urlTemplate":"https:\/\/fhi.acceptatie.indicia-interactiv.nl\/?s={search_term_string}"},"query-input":{"@type":"PropertyValueSpecification","valueRequired":true,"valueName":"search_term_string"}}],"inLanguage":"en-GB"}]}},"_links":{"self":[{"href":"https:\/\/fhi.acceptatie.indicia-interactiv.nl\/en\/wp-json\/wp\/v2\/pages\/24730","targetHints":{"allow":["GET"]}}],"collection":[{"href":"https:\/\/fhi.acceptatie.indicia-interactiv.nl\/en\/wp-json\/wp\/v2\/pages"}],"about":[{"href":"https:\/\/fhi.acceptatie.indicia-interactiv.nl\/en\/wp-json\/wp\/v2\/types\/page"}],"author":[{"embeddable":true,"href":"https:\/\/fhi.acceptatie.indicia-interactiv.nl\/en\/wp-json\/wp\/v2\/users\/17"}],"replies":[{"embeddable":true,"href":"https:\/\/fhi.acceptatie.indicia-interactiv.nl\/en\/wp-json\/wp\/v2\/comments?post=24730"}],"version-history":[{"count":2,"href":"https:\/\/fhi.acceptatie.indicia-interactiv.nl\/en\/wp-json\/wp\/v2\/pages\/24730\/revisions"}],"predecessor-version":[{"id":24734,"href":"https:\/\/fhi.acceptatie.indicia-interactiv.nl\/en\/wp-json\/wp\/v2\/pages\/24730\/revisions\/24734"}],"wp:attachment":[{"href":"https:\/\/fhi.acceptatie.indicia-interactiv.nl\/en\/wp-json\/wp\/v2\/media?parent=24730"}],"wp:term":[{"taxonomy":"branches","embeddable":true,"href":"https:\/\/fhi.acceptatie.indicia-interactiv.nl\/en\/wp-json\/wp\/v2\/branches?post=24730"},{"taxonomy":"events","embeddable":true,"href":"https:\/\/fhi.acceptatie.indicia-interactiv.nl\/en\/wp-json\/wp\/v2\/events?post=24730"},{"taxonomy":"secretariat","embeddable":true,"href":"https:\/\/fhi.acceptatie.indicia-interactiv.nl\/en\/wp-json\/wp\/v2\/secretariat?post=24730"},{"taxonomy":"categories","embeddable":true,"href":"https:\/\/fhi.acceptatie.indicia-interactiv.nl\/en\/wp-json\/wp\/v2\/categories?post=24730"},{"taxonomy":"themes","embeddable":true,"href":"https:\/\/fhi.acceptatie.indicia-interactiv.nl\/en\/wp-json\/wp\/v2\/themes_tax?post=24730"}],"curies":[{"name":"wp","href":"https:\/\/api.w.org\/{rel}","templated":true}]}}